{"id":669,"date":"2020-08-31T08:14:19","date_gmt":"2020-08-31T08:14:19","guid":{"rendered":"https:\/\/evilangels.pt\/ea\/?page_id=669"},"modified":"2023-05-19T15:08:24","modified_gmt":"2023-05-19T15:08:24","slug":"loja","status":"publish","type":"page","link":"https:\/\/evilangels.pt\/ea\/loja\/","title":{"rendered":"Loja"},"content":{"rendered":"<h2><\/h2>\n<p><img loading=\"lazy\" class=\"\" src=\"https:\/\/evilangels.pt\/ea\/wp-content\/uploads\/2020\/08\/corda-trabalho.jpg\" sizes=\"(max-width: 800px) 100vw, 800px\" srcset=\"https:\/\/evilangels.pt\/ea\/wp-content\/uploads\/2020\/08\/corda-trabalho.jpg 800w, https:\/\/evilangels.pt\/ea\/wp-content\/uploads\/2020\/08\/corda-trabalho-300x300.jpg 300w, https:\/\/evilangels.pt\/ea\/wp-content\/uploads\/2020\/08\/corda-trabalho-150x150.jpg 150w, https:\/\/evilangels.pt\/ea\/wp-content\/uploads\/2020\/08\/corda-trabalho-768x768.jpg 768w\" alt=\"\" width=\"481\" height=\"481\" \/><\/p>\n<h2>Corda de trabalho<\/h2>\n<h2>Liros<\/h2>\n<p>Poli\u00e9ster cinza premium. Linha muito resistente, extremamente vers\u00e1til e de alta qualidade. Especialmente concebido para cargas e linhas de controlo.<br \/>\nMuito dur\u00e1vel e de baixa elasticidade &#8211; conjunto de calor. Excelente ader\u00eancia nos tambores do guincho, cobertura excecionalmente resistente \u00e0 abras\u00e3o. Primeira escolha para trabalhos com padr\u00f5es extremamente elevados<\/p>\n<ul>\n<li>estiramento de trabalho &lt; 5 %<\/li>\n<li>linha de alta qualidade<\/li>\n<li>ampla gama de usos<\/li>\n<li>f\u00e1cil de unir e absolutamente n\u00e3o dobr\u00e1vel<\/li>\n<li>extremamente dur\u00e1vel, mesmo sob condi\u00e7\u00f5es dif\u00edceis de guincho<\/li>\n<\/ul>\n<p><a role=\"button\" href=\"https:\/\/evilangels.pt\/ea\/contactos\/\"><br \/>\nSolicitar Cota\u00e7\u00e3o<br \/>\n<\/a><br \/>\n<img loading=\"lazy\" class=\"\" src=\"https:\/\/evilangels.pt\/ea\/wp-content\/uploads\/2020\/08\/C071CA-AVAO-BOD-view-2_LowRes-521x1024.jpeg\" sizes=\"(max-width: 521px) 100vw, 521px\" srcset=\"https:\/\/evilangels.pt\/ea\/wp-content\/uploads\/2020\/08\/C071CA-AVAO-BOD-view-2_LowRes-521x1024.jpeg 521w, https:\/\/evilangels.pt\/ea\/wp-content\/uploads\/2020\/08\/C071CA-AVAO-BOD-view-2_LowRes-153x300.jpeg 153w, https:\/\/evilangels.pt\/ea\/wp-content\/uploads\/2020\/08\/C071CA-AVAO-BOD-view-2_LowRes.jpeg 610w\" alt=\"\" width=\"336\" height=\"660\" \/><\/p>\n<h2>Arn\u00eas<\/h2>\n<h2>Avao Bod<\/h2>\n<p>Arn\u00eas confort\u00e1vel de anti queda, posicionamento no trabalho e suspens\u00e3o.<br \/>\nO arn\u00eas de anti queda, de posicionamento no trabalho e suspens\u00e3o AVAO BOD est\u00e1 concebido para favorecer o conforto em todas as situa\u00e7\u00f5es de utiliza\u00e7\u00e3o. A constru\u00e7\u00e3o dorsal, em forma de X, \u00e9 ultra-envolvente para limitar os pontos de tens\u00e3o durante suspens\u00f5es prolongadas. O arn\u00eas facilita igualmente o transporte e organiza\u00e7\u00e3o das ferramentas de trabalho com v\u00e1rios porta- materiais e passadores para instalar porta-ferramentas CARITOOL e bolsas porta-ferramentas TOOLBAG. O arn\u00eas AVAO BOD disp\u00f5e duma arquitetura espec\u00edfica que permite ao utilizador manter-se mais tempo suspenso no caso de queda no ponto dorsal.<br \/>\nO arn\u00eas fecha-se gra\u00e7as a um mosquet\u00e3o com seguran\u00e7a manual SCREW-LOCK e est\u00e1 certificado consoante as normas europeia e russas.<br \/>\nAVAO BOD est\u00e1 dotado de perneiras com fivelas autoblocantes autom\u00e1ticas FAST.<br \/>\n<a role=\"button\" href=\"https:\/\/evilangels.pt\/ea\/contactos\/\"><br \/>\nSolicitar Cota\u00e7\u00e3o<br \/>\n<\/a><br \/>\n<img loading=\"lazy\" class=\"alignnone  wp-image-1583\" src=\"https:\/\/evilangels.pt\/ea\/wp-content\/uploads\/2023\/05\/product_728a39f9-0f34-4d46-8a37-041d8a28860a-300x300.jpg\" alt=\"\" width=\"385\" height=\"385\" srcset=\"https:\/\/evilangels.pt\/ea\/wp-content\/uploads\/2023\/05\/product_728a39f9-0f34-4d46-8a37-041d8a28860a-300x300.jpg 300w, https:\/\/evilangels.pt\/ea\/wp-content\/uploads\/2023\/05\/product_728a39f9-0f34-4d46-8a37-041d8a28860a-150x150.jpg 150w, https:\/\/evilangels.pt\/ea\/wp-content\/uploads\/2023\/05\/product_728a39f9-0f34-4d46-8a37-041d8a28860a.jpg 450w\" sizes=\"(max-width: 385px) 100vw, 385px\" \/><\/p>\n<h2>Roldana<\/h2>\n<h2 class=\"split-last special-char\">3.00&#8243; Hexaratchet<sup>\u00ae<\/sup>\u00a0Block<\/h2>\n<p>Excelente roldana Harken simples\/girat\u00f3ria de 76mm.<br \/>\nAs laterais em resina de Nylon refor\u00e7ada de alta densidade, com fibra de vidro, fazem uma roldana compacta com uma\u00a0 alta rela\u00e7\u00e3o resist\u00eancia\/peso. As roldanas com rolamentos de esferas de alta resist\u00eancia, encrustadas em ranhuras, proporcionam um deslizamento de baixa fric\u00e7\u00e3o.<\/p>\n<p><a role=\"button\" href=\"https:\/\/evilangels.pt\/ea\/contactos\/\"><br \/>\nSolicitar Cota\u00e7\u00e3o<br \/>\n<\/a><br \/>\n<img loading=\"lazy\" class=\"\" src=\"https:\/\/evilangels.pt\/ea\/wp-content\/uploads\/2020\/09\/A010CA01-VERTEX-VENT_LowRes-850x1024.jpeg\" sizes=\"(max-width: 850px) 100vw, 850px\" srcset=\"https:\/\/evilangels.pt\/ea\/wp-content\/uploads\/2020\/09\/A010CA01-VERTEX-VENT_LowRes-850x1024.jpeg 850w, https:\/\/evilangels.pt\/ea\/wp-content\/uploads\/2020\/09\/A010CA01-VERTEX-VENT_LowRes-249x300.jpeg 249w, https:\/\/evilangels.pt\/ea\/wp-content\/uploads\/2020\/09\/A010CA01-VERTEX-VENT_LowRes-768x925.jpeg 768w, https:\/\/evilangels.pt\/ea\/wp-content\/uploads\/2020\/09\/A010CA01-VERTEX-VENT_LowRes.jpeg 996w\" alt=\"\" width=\"392\" height=\"472\" \/><\/p>\n<h2>Capacete<\/h2>\n<h2>Vertex Vent<\/h2>\n<p>Capacete em polietileno equipados com uma calete interna de poliestireno expandido op\u00e7\u00e3o para diversos acess\u00f3rios ideal para trabalhos em altura e resgate. Mousse absorvente em t\u00eaxtil que assegura uma melhor absor\u00e7\u00e3o da transpira\u00e7\u00e3o. Autocolantes refletores com sistema CenterFit que permite uma centragem perfeita e melhor ajuste do capacete na cabe\u00e7a. Jugular desmont\u00e1vel para poder ser trocada ou lavada. Prote\u00e7\u00e3o contra riscos el\u00e9tricos.<br \/>\n<a role=\"button\" href=\"https:\/\/evilangels.pt\/ea\/contactos\/\"><br \/>\nSolicitar Cota\u00e7\u00e3o<br \/>\n<\/a><\/p>\n","protected":false},"excerpt":{"rendered":"<p>Corda de trabalho Liros Poli\u00e9ster cinza premium. Linha muito resistente, extremamente vers\u00e1til e de alta qualidade. Especialmente concebido para cargas e linhas de controlo. Muito dur\u00e1vel e de baixa elasticidade &#8211; conjunto de calor. Excelente ader\u00eancia nos tambores do guincho, cobertura excecionalmente resistente \u00e0 abras\u00e3o. Primeira escolha para trabalhos com padr\u00f5es extremamente elevados estiramento de [&hellip;]<\/p>\n","protected":false},"author":1,"featured_media":0,"parent":0,"menu_order":0,"comment_status":"closed","ping_status":"closed","template":"","meta":[],"folder":[3,2],"_links":{"self":[{"href":"https:\/\/evilangels.pt\/ea\/wp-json\/wp\/v2\/pages\/669"}],"collection":[{"href":"https:\/\/evilangels.pt\/ea\/wp-json\/wp\/v2\/pages"}],"about":[{"href":"https:\/\/evilangels.pt\/ea\/wp-json\/wp\/v2\/types\/page"}],"author":[{"embeddable":true,"href":"https:\/\/evilangels.pt\/ea\/wp-json\/wp\/v2\/users\/1"}],"replies":[{"embeddable":true,"href":"https:\/\/evilangels.pt\/ea\/wp-json\/wp\/v2\/comments?post=669"}],"version-history":[{"count":25,"href":"https:\/\/evilangels.pt\/ea\/wp-json\/wp\/v2\/pages\/669\/revisions"}],"predecessor-version":[{"id":1587,"href":"https:\/\/evilangels.pt\/ea\/wp-json\/wp\/v2\/pages\/669\/revisions\/1587"}],"wp:attachment":[{"href":"https:\/\/evilangels.pt\/ea\/wp-json\/wp\/v2\/media?parent=669"}],"wp:term":[{"taxonomy":"folder","embeddable":true,"href":"https:\/\/evilangels.pt\/ea\/wp-json\/wp\/v2\/folder?post=669"}],"curies":[{"name":"wp","href":"https:\/\/api.w.org\/{rel}","templated":true}]}}