{"id":693,"date":"2020-09-08T05:58:35","date_gmt":"2020-09-08T05:58:35","guid":{"rendered":"https:\/\/evilangels.pt\/ea\/?page_id=693"},"modified":"2020-09-08T06:03:31","modified_gmt":"2020-09-08T06:03:31","slug":"noticias","status":"publish","type":"page","link":"https:\/\/evilangels.pt\/ea\/noticias\/","title":{"rendered":"Not\u00edcias"},"content":{"rendered":"\t\t<div data-elementor-type=\"wp-page\" data-elementor-id=\"693\" class=\"elementor elementor-693\" data-elementor-settings=\"[]\">\n\t\t\t\t\t\t<div class=\"elementor-inner\">\n\t\t\t\t\t\t\t<div class=\"elementor-section-wrap\">\n\t\t\t\t\t\t\t<section class=\"elementor-section elementor-top-section elementor-element elementor-element-379ff4ee elementor-section-boxed elementor-section-height-default elementor-section-height-default\" data-id=\"379ff4ee\" data-element_type=\"section\" data-settings=\"{&quot;background_background&quot;:&quot;classic&quot;}\">\n\t\t\t\t\t\t\t<div class=\"elementor-background-overlay\"><\/div>\n\t\t\t\t\t\t\t<div class=\"elementor-container elementor-column-gap-extended\">\n\t\t\t\t\t\t\t<div class=\"elementor-row\">\n\t\t\t\t\t<div class=\"elementor-column elementor-col-100 elementor-top-column elementor-element elementor-element-663bff13\" data-id=\"663bff13\" data-element_type=\"column\">\n\t\t\t<div class=\"elementor-column-wrap elementor-element-populated\">\n\t\t\t\t\t\t\t<div class=\"elementor-widget-wrap\">\n\t\t\t\t\t\t<div class=\"elementor-element elementor-element-324f269b elementor-widget elementor-widget-heading\" data-id=\"324f269b\" data-element_type=\"widget\" data-widget_type=\"heading.default\">\n\t\t\t\t<div class=\"elementor-widget-container\">\n\t\t\t<h2 class=\"elementor-heading-title elementor-size-default\">Not\u00edcias<\/h2>\t\t<\/div>\n\t\t\t\t<\/div>\n\t\t\t\t<div class=\"elementor-element elementor-element-7cc79e6d elementor-widget-divider--view-line elementor-widget elementor-widget-divider\" data-id=\"7cc79e6d\" data-element_type=\"widget\" data-widget_type=\"divider.default\">\n\t\t\t\t<div class=\"elementor-widget-container\">\n\t\t\t\t\t<div class=\"elementor-divider\">\n\t\t\t<span class=\"elementor-divider-separator\">\n\t\t\t\t\t\t<\/span>\n\t\t<\/div>\n\t\t\t\t<\/div>\n\t\t\t\t<\/div>\n\t\t\t\t\t\t<\/div>\n\t\t\t\t\t<\/div>\n\t\t<\/div>\n\t\t\t\t\t\t\t\t<\/div>\n\t\t\t\t\t<\/div>\n\t\t<\/section>\n\t\t\t\t<section class=\"elementor-section elementor-top-section elementor-element elementor-element-691f6fdf elementor-section-content-middle elementor-section-boxed elementor-section-height-default elementor-section-height-default\" data-id=\"691f6fdf\" data-element_type=\"section\" data-settings=\"{&quot;background_background&quot;:&quot;classic&quot;}\">\n\t\t\t\t\t\t<div class=\"elementor-container elementor-column-gap-wide\">\n\t\t\t\t\t\t\t<div class=\"elementor-row\">\n\t\t\t\t\t<div class=\"elementor-column elementor-col-100 elementor-top-column elementor-element elementor-element-1a9da293\" data-id=\"1a9da293\" data-element_type=\"column\">\n\t\t\t<div class=\"elementor-column-wrap elementor-element-populated\">\n\t\t\t\t\t\t\t<div class=\"elementor-widget-wrap\">\n\t\t\t\t\t\t<div class=\"elementor-element elementor-element-397000f elementor-widget elementor-widget-victim-blog-grids\" data-id=\"397000f\" data-element_type=\"widget\" data-settings=\"{&quot;post_display_type&quot;:&quot;grid&quot;}\" data-widget_type=\"victim-blog-grids.default\">\n\t\t\t\t<div class=\"elementor-widget-container\">\n\t\t\t<div class=\"blog-latest-items\">\n\t<div class=\"row blog-row\">\n\t\t\t\t\t\t\t<div class=\"col-lg-4 blog-item\">\t\t\t\t\n\t\t\t\t<article id=\"post-1590\" class=\"post\">\n\t\t\t\t\t<div class=\"grid-layout\">\n\t\t\t\t\t\t\t\t\t\t\t\t\t<div class=\"post-thumb\">          \n\t\t\t\t\t\t\t    <a href=\"https:\/\/evilangels.pt\/ea\/2023\/09\/13\/iniciacao-ao-rigging-de-arenas-lisboa-12-e-13-de-outubro-2023\/\">\n\t\t\t\t\t\t\t                        <img src=\"https:\/\/evilangels.pt\/ea\/wp-content\/uploads\/2022\/12\/Cabecalho-Site-Lisboa-moldura-400x260.png\" alt=\"Inicia\u00e7\u00e3o ao Rigging de Arenas &#8211; Lisboa (12 e 13 de Outubro 2023)\" title=\" Cabe\u00e7alho Site - Lisboa (moldura) \" \/>\r\n            \t\t\t\t\t\t\t    <\/a> \n\t\t\t\t\t\t\t<\/div><!-- \/.post-thumb -->\n\t\t\t\t\t\t\t\t\t\t\t\t\n\t\t\t\t\t\t\t\t\t\t\t\t<div class=\"post-category\">\n\t\t\t\t\t\t    <a href=\"https:\/\/evilangels.pt\/ea\/category\/formacao\/\" rel=\"category tag\">forma\u00e7\u00e3o<\/a>\t\t\t\t\t\t<\/div><!--  \/.post-category -->\n\t\t\t\t\t\t\n\t\t\t\t\t\t<h2 class=\"entry-title\"><a href=\"https:\/\/evilangels.pt\/ea\/2023\/09\/13\/iniciacao-ao-rigging-de-arenas-lisboa-12-e-13-de-outubro-2023\/\" rel=\"bookmark\">Inicia\u00e7\u00e3o ao Rigging de Arenas &#8211; Lisboa (12 e 13 de Outubro 2023)<\/a><\/h2>\t\t\n\t\t\t\t\t\t\t\t\t\t\t\t<div class=\"entry-content\">Forma\u00e7\u00e3o de \u201cInicia\u00e7\u00e3o ao Rigging de Arenas\u201d para os dias 12 e 13 de Outubro de 2023, a realizar em&hellip;<\/div><!--  \/.entry-content -->\n\t\t\t\t\t\t\n\t\t\t\t\t\t\t\t\t\t\t\t<div class=\"post-meta\">\n\t\t\t\t\t\t    <div class=\"entry-author\"><span>By<\/span><a href=\"https:\/\/evilangels.pt\/ea\/author\/admin\/\" title=\"Posts by admin\" rel=\"author\">admin<\/a><\/div>\n\t\t\t\t\t\t    <div class=\"entry-date\">September 13, 2023<\/div>\n\t\t\t\t\t\t<\/div><!-- \/post-meta -->\n\t\t\t\t\t\t\t\t\t\t\t<\/div>\n\t\t\t\t<\/article>\n\t\t\t<\/div><!--  \/.col-lg-4 -->\n\t\t\t    \t\t\t\t\t<div class=\"col-lg-4 blog-item\">\t\t\t\t\n\t\t\t\t<article id=\"post-1589\" class=\"post\">\n\t\t\t\t\t<div class=\"grid-layout\">\n\t\t\t\t\t\t\t\t\t\t\t\t\t<div class=\"post-thumb\">          \n\t\t\t\t\t\t\t    <a href=\"https:\/\/evilangels.pt\/ea\/2023\/09\/13\/trabalho-em-altura-na-iee-lisboa-10-e-11-de-outubro-2023\/\">\n\t\t\t\t\t\t\t                        <img src=\"https:\/\/evilangels.pt\/ea\/wp-content\/uploads\/2022\/12\/Cabecalho-Site-Lisboa-moldura-400x260.png\" alt=\"Trabalho em Altura na IEE &#8211; Lisboa (10 e 11 de Outubro 2023)\" title=\" Cabe\u00e7alho Site - Lisboa (moldura) \" \/>\r\n            \t\t\t\t\t\t\t    <\/a> \n\t\t\t\t\t\t\t<\/div><!-- \/.post-thumb -->\n\t\t\t\t\t\t\t\t\t\t\t\t\n\t\t\t\t\t\t\t\t\t\t\t\t<div class=\"post-category\">\n\t\t\t\t\t\t    <a href=\"https:\/\/evilangels.pt\/ea\/category\/formacao\/\" rel=\"category tag\">forma\u00e7\u00e3o<\/a>\t\t\t\t\t\t<\/div><!--  \/.post-category -->\n\t\t\t\t\t\t\n\t\t\t\t\t\t<h2 class=\"entry-title\"><a href=\"https:\/\/evilangels.pt\/ea\/2023\/09\/13\/trabalho-em-altura-na-iee-lisboa-10-e-11-de-outubro-2023\/\" rel=\"bookmark\">Trabalho em Altura na IEE &#8211; Lisboa (10 e 11 de Outubro 2023)<\/a><\/h2>\t\t\n\t\t\t\t\t\t\t\t\t\t\t\t<div class=\"entry-content\">Forma\u00e7\u00e3o de \u201cTrabalho em Altura na IEE\u201d para os dias 10 e 11 Outubro de 2023, a realizar em Lisboa.&hellip;<\/div><!--  \/.entry-content -->\n\t\t\t\t\t\t\n\t\t\t\t\t\t\t\t\t\t\t\t<div class=\"post-meta\">\n\t\t\t\t\t\t    <div class=\"entry-author\"><span>By<\/span><a href=\"https:\/\/evilangels.pt\/ea\/author\/admin\/\" title=\"Posts by admin\" rel=\"author\">admin<\/a><\/div>\n\t\t\t\t\t\t    <div class=\"entry-date\">September 13, 2023<\/div>\n\t\t\t\t\t\t<\/div><!-- \/post-meta -->\n\t\t\t\t\t\t\t\t\t\t\t<\/div>\n\t\t\t\t<\/article>\n\t\t\t<\/div><!--  \/.col-lg-4 -->\n\t\t\t    \t\t\t\t\t<div class=\"col-lg-4 blog-item\">\t\t\t\t\n\t\t\t\t<article id=\"post-1521\" class=\"post\">\n\t\t\t\t\t<div class=\"grid-layout\">\n\t\t\t\t\t\t\t\t\t\t\t\t\t<div class=\"post-thumb\">          \n\t\t\t\t\t\t\t    <a href=\"https:\/\/evilangels.pt\/ea\/2022\/12\/27\/iniciacao-ao-rigging-de-arenas-lisboa-8-e-9-de-marco\/\">\n\t\t\t\t\t\t\t                        <img src=\"https:\/\/evilangels.pt\/ea\/wp-content\/uploads\/2022\/12\/Cabecalho-Site-Lisboa-moldura-400x260.png\" alt=\"Inicia\u00e7\u00e3o ao Rigging de Arenas &#8211; Lisboa (8 e 9 de Mar\u00e7o 2023)\" title=\" Cabe\u00e7alho Site - Lisboa (moldura) \" \/>\r\n            \t\t\t\t\t\t\t    <\/a> \n\t\t\t\t\t\t\t<\/div><!-- \/.post-thumb -->\n\t\t\t\t\t\t\t\t\t\t\t\t\n\t\t\t\t\t\t\t\t\t\t\t\t<div class=\"post-category\">\n\t\t\t\t\t\t    <a href=\"https:\/\/evilangels.pt\/ea\/category\/formacao\/\" rel=\"category tag\">forma\u00e7\u00e3o<\/a>\t\t\t\t\t\t<\/div><!--  \/.post-category -->\n\t\t\t\t\t\t\n\t\t\t\t\t\t<h2 class=\"entry-title\"><a href=\"https:\/\/evilangels.pt\/ea\/2022\/12\/27\/iniciacao-ao-rigging-de-arenas-lisboa-8-e-9-de-marco\/\" rel=\"bookmark\">Inicia\u00e7\u00e3o ao Rigging de Arenas &#8211; Lisboa (8 e 9 de Mar\u00e7o 2023)<\/a><\/h2>\t\t\n\t\t\t\t\t\t\t\t\t\t\t\t<div class=\"entry-content\">Forma\u00e7\u00e3o de \u201cInicia\u00e7\u00e3o ao Rigging de Arenas\u201d para os dias 8 e 9 de Mar\u00e7o de 2023, a realizar em&hellip;<\/div><!--  \/.entry-content -->\n\t\t\t\t\t\t\n\t\t\t\t\t\t\t\t\t\t\t\t<div class=\"post-meta\">\n\t\t\t\t\t\t    <div class=\"entry-author\"><span>By<\/span><a href=\"https:\/\/evilangels.pt\/ea\/author\/admin\/\" title=\"Posts by admin\" rel=\"author\">admin<\/a><\/div>\n\t\t\t\t\t\t    <div class=\"entry-date\">December 27, 2022<\/div>\n\t\t\t\t\t\t<\/div><!-- \/post-meta -->\n\t\t\t\t\t\t\t\t\t\t\t<\/div>\n\t\t\t\t<\/article>\n\t\t\t<\/div><!--  \/.col-lg-4 -->\n\t\t\t    \t\t\t\t\t<div class=\"col-lg-4 blog-item\">\t\t\t\t\n\t\t\t\t<article id=\"post-1517\" class=\"post\">\n\t\t\t\t\t<div class=\"grid-layout\">\n\t\t\t\t\t\t\t\t\t\t\t\t\t<div class=\"post-thumb\">          \n\t\t\t\t\t\t\t    <a href=\"https:\/\/evilangels.pt\/ea\/2022\/12\/27\/trabalho-em-altura-na-iee-lisboa-6-e-7-de-marco\/\">\n\t\t\t\t\t\t\t                        <img src=\"https:\/\/evilangels.pt\/ea\/wp-content\/uploads\/2022\/12\/Cabecalho-Site-Lisboa-moldura-400x260.png\" alt=\"Trabalho em Altura na IEE &#8211; Lisboa (6 e 7 de Mar\u00e7o 2023)\" title=\" Cabe\u00e7alho Site - Lisboa (moldura) \" \/>\r\n            \t\t\t\t\t\t\t    <\/a> \n\t\t\t\t\t\t\t<\/div><!-- \/.post-thumb -->\n\t\t\t\t\t\t\t\t\t\t\t\t\n\t\t\t\t\t\t\t\t\t\t\t\t<div class=\"post-category\">\n\t\t\t\t\t\t    <a href=\"https:\/\/evilangels.pt\/ea\/category\/formacao\/\" rel=\"category tag\">forma\u00e7\u00e3o<\/a>\t\t\t\t\t\t<\/div><!--  \/.post-category -->\n\t\t\t\t\t\t\n\t\t\t\t\t\t<h2 class=\"entry-title\"><a href=\"https:\/\/evilangels.pt\/ea\/2022\/12\/27\/trabalho-em-altura-na-iee-lisboa-6-e-7-de-marco\/\" rel=\"bookmark\">Trabalho em Altura na IEE &#8211; Lisboa (6 e 7 de Mar\u00e7o 2023)<\/a><\/h2>\t\t\n\t\t\t\t\t\t\t\t\t\t\t\t<div class=\"entry-content\">Forma\u00e7\u00e3o de \u201cTrabalho em Altura na IEE\u201d para os dias 6 e 7 de Mar\u00e7o de 2023, a realizar em&hellip;<\/div><!--  \/.entry-content -->\n\t\t\t\t\t\t\n\t\t\t\t\t\t\t\t\t\t\t\t<div class=\"post-meta\">\n\t\t\t\t\t\t    <div class=\"entry-author\"><span>By<\/span><a href=\"https:\/\/evilangels.pt\/ea\/author\/admin\/\" title=\"Posts by admin\" rel=\"author\">admin<\/a><\/div>\n\t\t\t\t\t\t    <div class=\"entry-date\">December 27, 2022<\/div>\n\t\t\t\t\t\t<\/div><!-- \/post-meta -->\n\t\t\t\t\t\t\t\t\t\t\t<\/div>\n\t\t\t\t<\/article>\n\t\t\t<\/div><!--  \/.col-lg-4 -->\n\t\t\t    \t\t\t\t\t<div class=\"col-lg-4 blog-item\">\t\t\t\t\n\t\t\t\t<article id=\"post-1514\" class=\"post\">\n\t\t\t\t\t<div class=\"grid-layout\">\n\t\t\t\t\t\t\t\t\t\t\t\t\t<div class=\"post-thumb\">          \n\t\t\t\t\t\t\t    <a href=\"https:\/\/evilangels.pt\/ea\/2022\/12\/27\/iniciacao-ao-rigging-de-arenas-porto-8-e-9-de-fevereiro\/\">\n\t\t\t\t\t\t\t                        <img src=\"https:\/\/evilangels.pt\/ea\/wp-content\/uploads\/2022\/12\/Cabecalho-Site-Porto-moldura-400x260.png\" alt=\"Inicia\u00e7\u00e3o ao Rigging de Arenas &#8211; Porto (8 e 9 de Fevereiro 2023)\" title=\" Cabe\u00e7alho Site - Porto (moldura) \" \/>\r\n            \t\t\t\t\t\t\t    <\/a> \n\t\t\t\t\t\t\t<\/div><!-- \/.post-thumb -->\n\t\t\t\t\t\t\t\t\t\t\t\t\n\t\t\t\t\t\t\t\t\t\t\t\t<div class=\"post-category\">\n\t\t\t\t\t\t    <a href=\"https:\/\/evilangels.pt\/ea\/category\/formacao\/\" rel=\"category tag\">forma\u00e7\u00e3o<\/a>\t\t\t\t\t\t<\/div><!--  \/.post-category -->\n\t\t\t\t\t\t\n\t\t\t\t\t\t<h2 class=\"entry-title\"><a href=\"https:\/\/evilangels.pt\/ea\/2022\/12\/27\/iniciacao-ao-rigging-de-arenas-porto-8-e-9-de-fevereiro\/\" rel=\"bookmark\">Inicia\u00e7\u00e3o ao Rigging de Arenas &#8211; Porto (8 e 9 de Fevereiro 2023)<\/a><\/h2>\t\t\n\t\t\t\t\t\t\t\t\t\t\t\t<div class=\"entry-content\">Forma\u00e7\u00e3o de \u201cInicia\u00e7\u00e3o ao Rigging de Arenas\u201d para os dias 8 e 9 de Fevereiro de 2023, a realizar no&hellip;<\/div><!--  \/.entry-content -->\n\t\t\t\t\t\t\n\t\t\t\t\t\t\t\t\t\t\t\t<div class=\"post-meta\">\n\t\t\t\t\t\t    <div class=\"entry-author\"><span>By<\/span><a href=\"https:\/\/evilangels.pt\/ea\/author\/admin\/\" title=\"Posts by admin\" rel=\"author\">admin<\/a><\/div>\n\t\t\t\t\t\t    <div class=\"entry-date\">December 27, 2022<\/div>\n\t\t\t\t\t\t<\/div><!-- \/post-meta -->\n\t\t\t\t\t\t\t\t\t\t\t<\/div>\n\t\t\t\t<\/article>\n\t\t\t<\/div><!--  \/.col-lg-4 -->\n\t\t\t    \t\t\t\t\t<div class=\"col-lg-4 blog-item\">\t\t\t\t\n\t\t\t\t<article id=\"post-1491\" class=\"post\">\n\t\t\t\t\t<div class=\"grid-layout\">\n\t\t\t\t\t\t\t\t\t\t\t\t\t<div class=\"post-thumb\">          \n\t\t\t\t\t\t\t    <a href=\"https:\/\/evilangels.pt\/ea\/2022\/12\/27\/trabalho-em-altura-na-iee-porto-6-e-7-de-fevereiro\/\">\n\t\t\t\t\t\t\t                        <img src=\"https:\/\/evilangels.pt\/ea\/wp-content\/uploads\/2022\/12\/Cabecalho-Site-Porto-moldura-400x260.png\" alt=\"Trabalho em Altura na IEE &#8211; Porto (6 e 7 de Fevereiro 2023)\" title=\" Cabe\u00e7alho Site - Porto (moldura) \" \/>\r\n            \t\t\t\t\t\t\t    <\/a> \n\t\t\t\t\t\t\t<\/div><!-- \/.post-thumb -->\n\t\t\t\t\t\t\t\t\t\t\t\t\n\t\t\t\t\t\t\t\t\t\t\t\t<div class=\"post-category\">\n\t\t\t\t\t\t    <a href=\"https:\/\/evilangels.pt\/ea\/category\/formacao\/\" rel=\"category tag\">forma\u00e7\u00e3o<\/a>\t\t\t\t\t\t<\/div><!--  \/.post-category -->\n\t\t\t\t\t\t\n\t\t\t\t\t\t<h2 class=\"entry-title\"><a href=\"https:\/\/evilangels.pt\/ea\/2022\/12\/27\/trabalho-em-altura-na-iee-porto-6-e-7-de-fevereiro\/\" rel=\"bookmark\">Trabalho em Altura na IEE &#8211; Porto (6 e 7 de Fevereiro 2023)<\/a><\/h2>\t\t\n\t\t\t\t\t\t\t\t\t\t\t\t<div class=\"entry-content\">Forma\u00e7\u00e3o de \u201cTrabalho em Altura na IEE\u201d para os dias 6 e 7 de Fevereiro de 2023, a realizar no&hellip;<\/div><!--  \/.entry-content -->\n\t\t\t\t\t\t\n\t\t\t\t\t\t\t\t\t\t\t\t<div class=\"post-meta\">\n\t\t\t\t\t\t    <div class=\"entry-author\"><span>By<\/span><a href=\"https:\/\/evilangels.pt\/ea\/author\/admin\/\" title=\"Posts by admin\" rel=\"author\">admin<\/a><\/div>\n\t\t\t\t\t\t    <div class=\"entry-date\">December 27, 2022<\/div>\n\t\t\t\t\t\t<\/div><!-- \/post-meta -->\n\t\t\t\t\t\t\t\t\t\t\t<\/div>\n\t\t\t\t<\/article>\n\t\t\t<\/div><!--  \/.col-lg-4 -->\n\t\t\t    \t\t\t\t\t<div class=\"col-lg-4 blog-item\">\t\t\t\t\n\t\t\t\t<article id=\"post-1469\" class=\"post\">\n\t\t\t\t\t<div class=\"grid-layout\">\n\t\t\t\t\t\t\t\t\t\t\t\t\t<div class=\"post-thumb\">          \n\t\t\t\t\t\t\t    <a href=\"https:\/\/evilangels.pt\/ea\/2022\/06\/01\/iniciacao-ao-rigging-de-arenas-2\/\">\n\t\t\t\t\t\t\t                        <img src=\"https:\/\/evilangels.pt\/ea\/wp-content\/uploads\/2022\/06\/Formacao-RA-Setembro-2022-400x260.jpg\" alt=\"Inicia\u00e7\u00e3o ao Rigging de Arenas &#8211; 21 e 22 de Setembro 2022\" title=\" Forma\u00e7\u00e3o RA - Setembro 2022 \" \/>\r\n            \t\t\t\t\t\t\t    <\/a> \n\t\t\t\t\t\t\t<\/div><!-- \/.post-thumb -->\n\t\t\t\t\t\t\t\t\t\t\t\t\n\t\t\t\t\t\t\t\t\t\t\t\t<div class=\"post-category\">\n\t\t\t\t\t\t    <a href=\"https:\/\/evilangels.pt\/ea\/category\/formacao\/\" rel=\"category tag\">forma\u00e7\u00e3o<\/a>\t\t\t\t\t\t<\/div><!--  \/.post-category -->\n\t\t\t\t\t\t\n\t\t\t\t\t\t<h2 class=\"entry-title\"><a href=\"https:\/\/evilangels.pt\/ea\/2022\/06\/01\/iniciacao-ao-rigging-de-arenas-2\/\" rel=\"bookmark\">Inicia\u00e7\u00e3o ao Rigging de Arenas &#8211; 21 e 22 de Setembro 2022<\/a><\/h2>\t\t\n\t\t\t\t\t\t\t\t\t\t\t\t<div class=\"entry-content\">Forma\u00e7\u00e3o de \u201cInicia\u00e7\u00e3o ao Rigging de Arenas\u201d para os dias 21 e 22 de Setembro de 2022. O valor para&hellip;<\/div><!--  \/.entry-content -->\n\t\t\t\t\t\t\n\t\t\t\t\t\t\t\t\t\t\t\t<div class=\"post-meta\">\n\t\t\t\t\t\t    <div class=\"entry-author\"><span>By<\/span><a href=\"https:\/\/evilangels.pt\/ea\/author\/admin\/\" title=\"Posts by admin\" rel=\"author\">admin<\/a><\/div>\n\t\t\t\t\t\t    <div class=\"entry-date\">June 1, 2022<\/div>\n\t\t\t\t\t\t<\/div><!-- \/post-meta -->\n\t\t\t\t\t\t\t\t\t\t\t<\/div>\n\t\t\t\t<\/article>\n\t\t\t<\/div><!--  \/.col-lg-4 -->\n\t\t\t    \t\t\t\t\t<div class=\"col-lg-4 blog-item\">\t\t\t\t\n\t\t\t\t<article id=\"post-1457\" class=\"post\">\n\t\t\t\t\t<div class=\"grid-layout\">\n\t\t\t\t\t\t\t\t\t\t\t\t\t<div class=\"post-thumb\">          \n\t\t\t\t\t\t\t    <a href=\"https:\/\/evilangels.pt\/ea\/2022\/06\/01\/trabalho-em-altura-2\/\">\n\t\t\t\t\t\t\t                        <img src=\"https:\/\/evilangels.pt\/ea\/wp-content\/uploads\/2022\/06\/Formacao-TA-Setembro-2022-400x260.jpg\" alt=\"Trabalho em Altura na IEE &#8211; 19 e 20 de Setembro 2022\" title=\" Forma\u00e7\u00e3o TA - Setembro 2022 \" \/>\r\n            \t\t\t\t\t\t\t    <\/a> \n\t\t\t\t\t\t\t<\/div><!-- \/.post-thumb -->\n\t\t\t\t\t\t\t\t\t\t\t\t\n\t\t\t\t\t\t\t\t\t\t\t\t<div class=\"post-category\">\n\t\t\t\t\t\t    <a href=\"https:\/\/evilangels.pt\/ea\/category\/formacao\/\" rel=\"category tag\">forma\u00e7\u00e3o<\/a>\t\t\t\t\t\t<\/div><!--  \/.post-category -->\n\t\t\t\t\t\t\n\t\t\t\t\t\t<h2 class=\"entry-title\"><a href=\"https:\/\/evilangels.pt\/ea\/2022\/06\/01\/trabalho-em-altura-2\/\" rel=\"bookmark\">Trabalho em Altura na IEE &#8211; 19 e 20 de Setembro 2022<\/a><\/h2>\t\t\n\t\t\t\t\t\t\t\t\t\t\t\t<div class=\"entry-content\">Forma\u00e7\u00e3o de \u201cTrabalho em Altura na IEE\u201d para os dias 19 e 20 de Setembro de 2022. O valor para&hellip;<\/div><!--  \/.entry-content -->\n\t\t\t\t\t\t\n\t\t\t\t\t\t\t\t\t\t\t\t<div class=\"post-meta\">\n\t\t\t\t\t\t    <div class=\"entry-author\"><span>By<\/span><a href=\"https:\/\/evilangels.pt\/ea\/author\/admin\/\" title=\"Posts by admin\" rel=\"author\">admin<\/a><\/div>\n\t\t\t\t\t\t    <div class=\"entry-date\">June 1, 2022<\/div>\n\t\t\t\t\t\t<\/div><!-- \/post-meta -->\n\t\t\t\t\t\t\t\t\t\t\t<\/div>\n\t\t\t\t<\/article>\n\t\t\t<\/div><!--  \/.col-lg-4 -->\n\t\t\t    \t\t\t\t\t<div class=\"col-lg-4 blog-item\">\t\t\t\t\n\t\t\t\t<article id=\"post-1419\" class=\"post\">\n\t\t\t\t\t<div class=\"grid-layout\">\n\t\t\t\t\t\t\t\t\t\t\t\t\t<div class=\"post-thumb\">          \n\t\t\t\t\t\t\t    <a href=\"https:\/\/evilangels.pt\/ea\/2022\/01\/18\/trabalho-em-altura\/\">\n\t\t\t\t\t\t\t                        <img src=\"https:\/\/evilangels.pt\/ea\/wp-content\/uploads\/2022\/01\/Formacao-Trabalho-em-Altura-cartaz-site-400x260.jpg\" alt=\"Trabalho em Altura\" title=\" Formacao Trabalho em Altura (cartaz site) \" \/>\r\n            \t\t\t\t\t\t\t    <\/a> \n\t\t\t\t\t\t\t<\/div><!-- \/.post-thumb -->\n\t\t\t\t\t\t\t\t\t\t\t\t\n\t\t\t\t\t\t\t\t\t\t\t\t<div class=\"post-category\">\n\t\t\t\t\t\t    <a href=\"https:\/\/evilangels.pt\/ea\/category\/formacao\/\" rel=\"category tag\">forma\u00e7\u00e3o<\/a>\t\t\t\t\t\t<\/div><!--  \/.post-category -->\n\t\t\t\t\t\t\n\t\t\t\t\t\t<h2 class=\"entry-title\"><a href=\"https:\/\/evilangels.pt\/ea\/2022\/01\/18\/trabalho-em-altura\/\" rel=\"bookmark\">Trabalho em Altura<\/a><\/h2>\t\t\n\t\t\t\t\t\t\t\t\t\t\t\t<div class=\"entry-content\">Forma\u00e7\u00e3o&nbsp;de \u201cTrabalho em Altura na IEE\u201d para os dias 10 e 11 de Fevereiro de 2022. O valor para a&hellip;<\/div><!--  \/.entry-content -->\n\t\t\t\t\t\t\n\t\t\t\t\t\t\t\t\t\t\t\t<div class=\"post-meta\">\n\t\t\t\t\t\t    <div class=\"entry-author\"><span>By<\/span><a href=\"https:\/\/evilangels.pt\/ea\/author\/admin\/\" title=\"Posts by admin\" rel=\"author\">admin<\/a><\/div>\n\t\t\t\t\t\t    <div class=\"entry-date\">January 18, 2022<\/div>\n\t\t\t\t\t\t<\/div><!-- \/post-meta -->\n\t\t\t\t\t\t\t\t\t\t\t<\/div>\n\t\t\t\t<\/article>\n\t\t\t<\/div><!--  \/.col-lg-4 -->\n\t\t\t    \t\t\t\t\t<div class=\"col-lg-4 blog-item\">\t\t\t\t\n\t\t\t\t<article id=\"post-1415\" class=\"post\">\n\t\t\t\t\t<div class=\"grid-layout\">\n\t\t\t\t\t\t\t\t\t\t\t\t\t<div class=\"post-thumb\">          \n\t\t\t\t\t\t\t    <a href=\"https:\/\/evilangels.pt\/ea\/2022\/01\/18\/iniciacao-ao-rigging-de-arenas\/\">\n\t\t\t\t\t\t\t                        <img src=\"https:\/\/evilangels.pt\/ea\/wp-content\/uploads\/2022\/01\/Formacao-Rigging-Arena-cartaz-site-1-400x260.jpeg\" alt=\"Inicia\u00e7\u00e3o ao Rigging de Arenas\" title=\" Formacao Rigging Arena (cartaz site) \" \/>\r\n            \t\t\t\t\t\t\t    <\/a> \n\t\t\t\t\t\t\t<\/div><!-- \/.post-thumb -->\n\t\t\t\t\t\t\t\t\t\t\t\t\n\t\t\t\t\t\t\t\t\t\t\t\t<div class=\"post-category\">\n\t\t\t\t\t\t    <a href=\"https:\/\/evilangels.pt\/ea\/category\/formacao\/\" rel=\"category tag\">forma\u00e7\u00e3o<\/a>\t\t\t\t\t\t<\/div><!--  \/.post-category -->\n\t\t\t\t\t\t\n\t\t\t\t\t\t<h2 class=\"entry-title\"><a href=\"https:\/\/evilangels.pt\/ea\/2022\/01\/18\/iniciacao-ao-rigging-de-arenas\/\" rel=\"bookmark\">Inicia\u00e7\u00e3o ao Rigging de Arenas<\/a><\/h2>\t\t\n\t\t\t\t\t\t\t\t\t\t\t\t<div class=\"entry-content\">Forma\u00e7\u00e3o de \u201cInicia\u00e7\u00e3o ao Rigging de Arenas\u201d para os dias 14 e 15 de Fevereiro de 2022. O valor para&hellip;<\/div><!--  \/.entry-content -->\n\t\t\t\t\t\t\n\t\t\t\t\t\t\t\t\t\t\t\t<div class=\"post-meta\">\n\t\t\t\t\t\t    <div class=\"entry-author\"><span>By<\/span><a href=\"https:\/\/evilangels.pt\/ea\/author\/admin\/\" title=\"Posts by admin\" rel=\"author\">admin<\/a><\/div>\n\t\t\t\t\t\t    <div class=\"entry-date\">January 18, 2022<\/div>\n\t\t\t\t\t\t<\/div><!-- \/post-meta -->\n\t\t\t\t\t\t\t\t\t\t\t<\/div>\n\t\t\t\t<\/article>\n\t\t\t<\/div><!--  \/.col-lg-4 -->\n\t\t\t    \t\t\t\t\t<div class=\"col-lg-4 blog-item\">\t\t\t\t\n\t\t\t\t<article id=\"post-1404\" class=\"post\">\n\t\t\t\t\t<div class=\"grid-layout\">\n\t\t\t\t\t\t\t\t\t\t\t\t\t<div class=\"post-thumb\">          \n\t\t\t\t\t\t\t    <a href=\"https:\/\/evilangels.pt\/ea\/2022\/01\/18\/iniciacao-ao-rigging-acrobatico-2\/\">\n\t\t\t\t\t\t\t                        <img src=\"https:\/\/evilangels.pt\/ea\/wp-content\/uploads\/2022\/01\/Formacao-Rigging-Acrobatico-cartaz-site-400x260.jpg\" alt=\"Inicia\u00e7\u00e3o ao Rigging Acrob\u00e1tico\" title=\" Formacao Rigging Acrobatico (cartaz site) \" \/>\r\n            \t\t\t\t\t\t\t    <\/a> \n\t\t\t\t\t\t\t<\/div><!-- \/.post-thumb -->\n\t\t\t\t\t\t\t\t\t\t\t\t\n\t\t\t\t\t\t\t\t\t\t\t\t<div class=\"post-category\">\n\t\t\t\t\t\t    <a href=\"https:\/\/evilangels.pt\/ea\/category\/formacao\/\" rel=\"category tag\">forma\u00e7\u00e3o<\/a>\t\t\t\t\t\t<\/div><!--  \/.post-category -->\n\t\t\t\t\t\t\n\t\t\t\t\t\t<h2 class=\"entry-title\"><a href=\"https:\/\/evilangels.pt\/ea\/2022\/01\/18\/iniciacao-ao-rigging-acrobatico-2\/\" rel=\"bookmark\">Inicia\u00e7\u00e3o ao Rigging Acrob\u00e1tico<\/a><\/h2>\t\t\n\t\t\t\t\t\t\t\t\t\t\t\t<div class=\"entry-content\">Forma\u00e7\u00e3o de \u201cInicia\u00e7\u00e3o ao Rigging Acrob\u00e1tico\u201d para os dias 17 e 18 de Fevereiro de 2022. O valor para a&hellip;<\/div><!--  \/.entry-content -->\n\t\t\t\t\t\t\n\t\t\t\t\t\t\t\t\t\t\t\t<div class=\"post-meta\">\n\t\t\t\t\t\t    <div class=\"entry-author\"><span>By<\/span><a href=\"https:\/\/evilangels.pt\/ea\/author\/admin\/\" title=\"Posts by admin\" rel=\"author\">admin<\/a><\/div>\n\t\t\t\t\t\t    <div class=\"entry-date\">January 18, 2022<\/div>\n\t\t\t\t\t\t<\/div><!-- \/post-meta -->\n\t\t\t\t\t\t\t\t\t\t\t<\/div>\n\t\t\t\t<\/article>\n\t\t\t<\/div><!--  \/.col-lg-4 -->\n\t\t\t    \t\t\t\t\t<div class=\"col-lg-4 blog-item\">\t\t\t\t\n\t\t\t\t<article id=\"post-1351\" class=\"post\">\n\t\t\t\t\t<div class=\"grid-layout\">\n\t\t\t\t\t\t\t\t\t\t\t\t\n\t\t\t\t\t\t\t\t\t\t\t\t<div class=\"post-category\">\n\t\t\t\t\t\t    <a href=\"https:\/\/evilangels.pt\/ea\/category\/formacao\/\" rel=\"category tag\">forma\u00e7\u00e3o<\/a>\t\t\t\t\t\t<\/div><!--  \/.post-category -->\n\t\t\t\t\t\t\n\t\t\t\t\t\t<h2 class=\"entry-title\"><a href=\"https:\/\/evilangels.pt\/ea\/2021\/03\/10\/1351\/\" rel=\"bookmark\">Incia\u00e7\u00e3o ao Rigging de Arena<\/a><\/h2>\t\t\n\t\t\t\t\t\t\t\t\t\t\t\t<div class=\"entry-content\">O valor para a forma\u00e7\u00e3o de Inicia\u00e7\u00e3o ao Rigging de Arenas \u00e9 de:450\u20ac +IVA*A inscri\u00e7\u00e3o dever\u00e1 ser feita atrav\u00e9s de&hellip;<\/div><!--  \/.entry-content -->\n\t\t\t\t\t\t\n\t\t\t\t\t\t\t\t\t\t\t\t<div class=\"post-meta\">\n\t\t\t\t\t\t    <div class=\"entry-author\"><span>By<\/span><a href=\"https:\/\/evilangels.pt\/ea\/author\/admin\/\" title=\"Posts by admin\" rel=\"author\">admin<\/a><\/div>\n\t\t\t\t\t\t    <div class=\"entry-date\">March 10, 2021<\/div>\n\t\t\t\t\t\t<\/div><!-- \/post-meta -->\n\t\t\t\t\t\t\t\t\t\t\t<\/div>\n\t\t\t\t<\/article>\n\t\t\t<\/div><!--  \/.col-lg-4 -->\n\t\t\t     \t<\/div><!--  \/.row -->\n<\/div><!--  \/.blog-list-content -->\t\t<\/div>\n\t\t\t\t<\/div>\n\t\t\t\t<div class=\"elementor-element elementor-element-343b3af9 elementor-widget-divider--view-line elementor-widget elementor-widget-divider\" data-id=\"343b3af9\" data-element_type=\"widget\" data-widget_type=\"divider.default\">\n\t\t\t\t<div class=\"elementor-widget-container\">\n\t\t\t\t\t<div class=\"elementor-divider\">\n\t\t\t<span class=\"elementor-divider-separator\">\n\t\t\t\t\t\t<\/span>\n\t\t<\/div>\n\t\t\t\t<\/div>\n\t\t\t\t<\/div>\n\t\t\t\t\t\t<\/div>\n\t\t\t\t\t<\/div>\n\t\t<\/div>\n\t\t\t\t\t\t\t\t<\/div>\n\t\t\t\t\t<\/div>\n\t\t<\/section>\n\t\t\t\t\t\t<\/div>\n\t\t\t\t\t\t<\/div>\n\t\t\t\t\t<\/div>\n\t\t","protected":false},"excerpt":{"rendered":"<p>Not\u00edcias Uncategorized Hello world! Welcome to WordPress. This is your first post. Edit or delete it, then start writing! Byadmin August 29, 2020 Uncategorized Amazing Places To Visit In Summer Far far away, behind the word mountains, far from the countries Vokalia and Consonantia, the live blind text. Separated they&hellip; Byadmin December 20, 2019 Uncategorized [&hellip;]<\/p>\n","protected":false},"author":1,"featured_media":0,"parent":0,"menu_order":0,"comment_status":"closed","ping_status":"closed","template":"","meta":[],"folder":[2],"_links":{"self":[{"href":"https:\/\/evilangels.pt\/ea\/wp-json\/wp\/v2\/pages\/693"}],"collection":[{"href":"https:\/\/evilangels.pt\/ea\/wp-json\/wp\/v2\/pages"}],"about":[{"href":"https:\/\/evilangels.pt\/ea\/wp-json\/wp\/v2\/types\/page"}],"author":[{"embeddable":true,"href":"https:\/\/evilangels.pt\/ea\/wp-json\/wp\/v2\/users\/1"}],"replies":[{"embeddable":true,"href":"https:\/\/evilangels.pt\/ea\/wp-json\/wp\/v2\/comments?post=693"}],"version-history":[{"count":3,"href":"https:\/\/evilangels.pt\/ea\/wp-json\/wp\/v2\/pages\/693\/revisions"}],"predecessor-version":[{"id":696,"href":"https:\/\/evilangels.pt\/ea\/wp-json\/wp\/v2\/pages\/693\/revisions\/696"}],"wp:attachment":[{"href":"https:\/\/evilangels.pt\/ea\/wp-json\/wp\/v2\/media?parent=693"}],"wp:term":[{"taxonomy":"folder","embeddable":true,"href":"https:\/\/evilangels.pt\/ea\/wp-json\/wp\/v2\/folder?post=693"}],"curies":[{"name":"wp","href":"https:\/\/api.w.org\/{rel}","templated":true}]}}